{"id":4136,"date":"2024-02-08T12:04:37","date_gmt":"2024-02-08T11:04:37","guid":{"rendered":"https:\/\/cortedegliostinati.it\/le-nostre-colazioni\/"},"modified":"2024-05-30T11:56:12","modified_gmt":"2024-05-30T09:56:12","slug":"fruhstuck","status":"publish","type":"page","link":"https:\/\/cortedegliostinati.it\/de\/fruhstuck\/","title":{"rendered":"Fr\u00fchst\u00fcck"},"content":{"rendered":"\t\t<div data-elementor-type=\"wp-post\" data-elementor-id=\"4136\" class=\"elementor elementor-4136 elementor-3481\" data-elementor-post-type=\"page\">\n\t\t\t\t\t\t<section class=\"elementor-section elementor-top-section elementor-element elementor-element-4ea3f44 elementor-section-stretched elementor-section-full_width elementor-section-height-default elementor-section-height-default\" data-id=\"4ea3f44\" data-element_type=\"section\" data-e-type=\"section\" data-settings=\"{&quot;stretch_section&quot;:&quot;section-stretched&quot;,&quot;hoteller_ext_is_background_parallax&quot;:&quot;false&quot;,&quot;hoteller_ext_is_background_on_scroll&quot;:&quot;false&quot;}\">\n\t\t\t\t\t\t<div class=\"elementor-container elementor-column-gap-default\">\n\t\t\t\t\t<div class=\"elementor-column elementor-col-100 elementor-top-column elementor-element elementor-element-44f0f16\" data-id=\"44f0f16\" data-element_type=\"column\" data-e-type=\"column\" data-settings=\"{&quot;hoteller_ext_link_sidemenu&quot;:&quot;false&quot;,&quot;hoteller_ext_link_fullmenu&quot;:&quot;false&quot;,&quot;hoteller_ext_link_closed_fullmenu&quot;:&quot;false&quot;,&quot;hoteller_ext_is_scrollme&quot;:&quot;false&quot;,&quot;hoteller_ext_is_smoove&quot;:&quot;false&quot;,&quot;hoteller_ext_is_parallax_mouse&quot;:&quot;false&quot;,&quot;hoteller_ext_is_infinite&quot;:&quot;false&quot;,&quot;hoteller_ext_is_fadeout_animation&quot;:&quot;false&quot;,&quot;hoteller_ext_mobile_static&quot;:&quot;false&quot;}\">\n\t\t\t<div class=\"elementor-widget-wrap elementor-element-populated\">\n\t\t\t\t\t\t<div class=\"elementor-element elementor-element-d5e2c3b elementor-widget elementor-widget-hoteller-slider-parallax\" data-id=\"d5e2c3b\" data-element_type=\"widget\" data-e-type=\"widget\" data-settings=\"{&quot;hoteller_ext_link_sidemenu&quot;:&quot;false&quot;,&quot;hoteller_ext_link_fullmenu&quot;:&quot;false&quot;,&quot;hoteller_ext_link_closed_fullmenu&quot;:&quot;false&quot;,&quot;hoteller_ext_is_scrollme&quot;:&quot;false&quot;,&quot;hoteller_ext_is_smoove&quot;:&quot;false&quot;,&quot;hoteller_ext_is_parallax_mouse&quot;:&quot;false&quot;,&quot;hoteller_ext_is_infinite&quot;:&quot;false&quot;,&quot;hoteller_ext_is_fadeout_animation&quot;:&quot;false&quot;,&quot;hoteller_ext_mobile_static&quot;:&quot;false&quot;}\" data-widget_type=\"hoteller-slider-parallax.default\">\n\t\t\t\t<div class=\"elementor-widget-container\">\n\t\t\t\t\t<div class=\"slider_parallax_wrapper\" data-autoplay=\"0\" data-pagination=\"0\" data-navigation=\"0\">\n\t<div class=\"slider_parallax_inner\">\n\t\t<div class=\"slider_parallax_slides\">\n\t\t\t\t\t\t<div class=\"slide is-active \">\n\t\t          \t<div class=\"slide-content\">\n\t\t            \t<div class=\"caption\">\n\t\t\t\t\t\t\t<div class=\"title\"><h2>Fr\u00fchst\u00fcck<\/h2><\/div>\n\t\t\t\t\t\t\t<div class=\"text\">\n\t\t                \t\t\t\t              \t\t<\/div> \n\t\t\t                \t\t            \t<\/div>\n\t\t          \t<\/div>\n\t\t\t\t  \t<div class=\"image-container\"> \n\t\t            \t<img decoding=\"async\" src=\"https:\/\/cortedegliostinati.it\/wp-content\/uploads\/2024\/02\/MP1301.jpg\" alt=\"\" class=\"image\" \/>\n\t\t          \t<\/div>\n\t\t        <\/div>\n\t\t\t\t<\/div>\n\t\t\t    \t<\/div>\n<\/div>\n\t\t\t\t<\/div>\n\t\t\t\t<\/div>\n\t\t\t\t\t<\/div>\n\t\t<\/div>\n\t\t\t\t\t<\/div>\n\t\t<\/section>\n\t\t<div class=\"elementor-element elementor-element-0d6fcd3 e-flex e-con-boxed e-con e-parent\" data-id=\"0d6fcd3\" data-element_type=\"container\" data-e-type=\"container\" data-settings=\"{&quot;hoteller_ext_is_background_parallax&quot;:&quot;false&quot;,&quot;hoteller_ext_is_background_on_scroll&quot;:&quot;false&quot;,&quot;hoteller_ext_link_sidemenu&quot;:&quot;false&quot;,&quot;hoteller_ext_link_fullmenu&quot;:&quot;false&quot;,&quot;hoteller_ext_link_closed_fullmenu&quot;:&quot;false&quot;,&quot;hoteller_ext_is_scrollme&quot;:&quot;false&quot;,&quot;hoteller_ext_is_smoove&quot;:&quot;false&quot;,&quot;hoteller_ext_is_parallax_mouse&quot;:&quot;false&quot;,&quot;hoteller_ext_is_infinite&quot;:&quot;false&quot;,&quot;hoteller_ext_is_fadeout_animation&quot;:&quot;false&quot;,&quot;hoteller_ext_mobile_static&quot;:&quot;false&quot;}\">\n\t\t\t\t\t<div class=\"e-con-inner\">\n\t\t\t\t<div class=\"elementor-element elementor-element-520de00 elementor-widget elementor-widget-text-editor\" data-id=\"520de00\" data-element_type=\"widget\" data-e-type=\"widget\" data-settings=\"{&quot;hoteller_ext_link_sidemenu&quot;:&quot;false&quot;,&quot;hoteller_ext_link_fullmenu&quot;:&quot;false&quot;,&quot;hoteller_ext_link_closed_fullmenu&quot;:&quot;false&quot;,&quot;hoteller_ext_is_scrollme&quot;:&quot;false&quot;,&quot;hoteller_ext_is_smoove&quot;:&quot;false&quot;,&quot;hoteller_ext_is_parallax_mouse&quot;:&quot;false&quot;,&quot;hoteller_ext_is_infinite&quot;:&quot;false&quot;,&quot;hoteller_ext_is_fadeout_animation&quot;:&quot;false&quot;,&quot;hoteller_ext_mobile_static&quot;:&quot;false&quot;}\" data-widget_type=\"text-editor.default\">\n\t\t\t\t<div class=\"elementor-widget-container\">\n\t\t\t\t\t\t\t\t\t<p>Das Versprechen eines neuen Tages. Ein friedliches Aufwachen mit Erinnerungen, Gef\u00fchlen, Farben und vertrauten Ger\u00fcchen.<br \/>Das Brodeln der Kaffeemaschine am Feuer und der k\u00f6stliche Duft eines frischgebackenen Apfelkuchens, sobald man in die K\u00fcche kommt. Eine Schale mit hausgebackenen Keksen.<br \/>Warmes Brot mit unseren Marmeladen. Eier, die von Nadia genau nach Ihren W\u00fcnschen gekocht werden.<br \/>Wir begleiten Sie auf der Entdeckung nat\u00fcrlicher Gen\u00fcsse: Schinken San Daniele und unterschiedliche Ziegenk\u00e4se.<br \/>Wir w\u00e4hlen nur Bioprodukte von einheimischen Lieferanten, die dieses Land und seine Fr\u00fcchte ebenso lieben wie wir.<br \/>Bei uns in Corte degli OstiNati wird das Fr\u00fchst\u00fcck auf die pers\u00f6nlichen W\u00fcnsche und Geschm\u00e4cker unserer jeweiligen G\u00e4ste abgestimmt. Wir wollen Sie verw\u00f6hnen, aber mit Ihrem Einverst\u00e4ndnis auch die Vergeudung von Lebensmitteln vermeiden: Nachhaltigkeit ist das gemeinsame Ziel!<\/p>\t\t\t\t\t\t\t\t<\/div>\n\t\t\t\t<\/div>\n\t\t\t\t\t<\/div>\n\t\t\t\t<\/div>\n\t\t<div class=\"elementor-element elementor-element-6491af9 e-flex e-con-boxed e-con e-parent\" data-id=\"6491af9\" data-element_type=\"container\" data-e-type=\"container\" data-settings=\"{&quot;hoteller_ext_is_background_parallax&quot;:&quot;false&quot;,&quot;hoteller_ext_is_background_on_scroll&quot;:&quot;false&quot;,&quot;hoteller_ext_link_sidemenu&quot;:&quot;false&quot;,&quot;hoteller_ext_link_fullmenu&quot;:&quot;false&quot;,&quot;hoteller_ext_link_closed_fullmenu&quot;:&quot;false&quot;,&quot;hoteller_ext_is_scrollme&quot;:&quot;false&quot;,&quot;hoteller_ext_is_smoove&quot;:&quot;false&quot;,&quot;hoteller_ext_is_parallax_mouse&quot;:&quot;false&quot;,&quot;hoteller_ext_is_infinite&quot;:&quot;false&quot;,&quot;hoteller_ext_is_fadeout_animation&quot;:&quot;false&quot;,&quot;hoteller_ext_mobile_static&quot;:&quot;false&quot;}\">\n\t\t\t\t\t<div class=\"e-con-inner\">\n\t\t\t\t<div class=\"elementor-element elementor-element-3371315 elementor-widget elementor-widget-hoteller-gallery-masonry\" data-id=\"3371315\" data-element_type=\"widget\" data-e-type=\"widget\" data-settings=\"{&quot;hoteller_ext_link_sidemenu&quot;:&quot;false&quot;,&quot;hoteller_ext_link_fullmenu&quot;:&quot;false&quot;,&quot;hoteller_ext_link_closed_fullmenu&quot;:&quot;false&quot;,&quot;hoteller_ext_is_scrollme&quot;:&quot;false&quot;,&quot;hoteller_ext_is_smoove&quot;:&quot;false&quot;,&quot;hoteller_ext_is_parallax_mouse&quot;:&quot;false&quot;,&quot;hoteller_ext_is_infinite&quot;:&quot;false&quot;,&quot;hoteller_ext_is_fadeout_animation&quot;:&quot;false&quot;,&quot;hoteller_ext_mobile_static&quot;:&quot;false&quot;}\" data-widget_type=\"hoteller-gallery-masonry.default\">\n\t\t\t\t<div class=\"elementor-widget-container\">\n\t\t\t\t\t<div class=\"gallery_grid_content_wrapper do_masonry layout_tg_two_cols has_space\" data-cols=\"2\">\n\t\t<div class=\"gallery_grid_item tg_two_cols  gallery-grid-tilt\">\n\t\t\t\t\t\t\t<a class=\"tg_gallery_lightbox\" href=\"https:\/\/cortedegliostinati.it\/wp-content\/uploads\/2024\/02\/MP1321-min.jpg\" data-thumb=\"https:\/\/cortedegliostinati.it\/wp-content\/uploads\/2024\/02\/MP1321-min-300x229.jpg\" data-rel=\"tg_gallery3371315\"  >\n\t\t\t\t\t\t\t<img decoding=\"async\" src=\"https:\/\/cortedegliostinati.it\/wp-content\/uploads\/2024\/02\/MP1321-min-768x586.jpg\" class=\"lazy_masonry\" alt=\"\" \/>\n\t\t\t\t\t\t\t<\/a>\n\t\t\t\t\t<\/div>\n\t\t<div class=\"gallery_grid_item tg_two_cols last gallery-grid-tilt\">\n\t\t\t\t\t\t\t<a class=\"tg_gallery_lightbox\" href=\"https:\/\/cortedegliostinati.it\/wp-content\/uploads\/2024\/02\/MP1751-min.jpg\" data-thumb=\"https:\/\/cortedegliostinati.it\/wp-content\/uploads\/2024\/02\/MP1751-min-200x300.jpg\" data-rel=\"tg_gallery3371315\"  >\n\t\t\t\t\t\t\t<img decoding=\"async\" src=\"https:\/\/cortedegliostinati.it\/wp-content\/uploads\/2024\/02\/MP1751-min-768x1151.jpg\" class=\"lazy_masonry\" alt=\"\" \/>\n\t\t\t\t\t\t\t<\/a>\n\t\t\t\t\t<\/div>\n\t\t<div class=\"gallery_grid_item tg_two_cols  gallery-grid-tilt\">\n\t\t\t\t\t\t\t<a class=\"tg_gallery_lightbox\" href=\"https:\/\/cortedegliostinati.it\/wp-content\/uploads\/2024\/02\/MP1551-min.jpg\" data-thumb=\"https:\/\/cortedegliostinati.it\/wp-content\/uploads\/2024\/02\/MP1551-min-300x199.jpg\" data-rel=\"tg_gallery3371315\"  >\n\t\t\t\t\t\t\t<img decoding=\"async\" src=\"https:\/\/cortedegliostinati.it\/wp-content\/uploads\/2024\/02\/MP1551-min-768x509.jpg\" class=\"lazy_masonry\" alt=\"\" \/>\n\t\t\t\t\t\t\t<\/a>\n\t\t\t\t\t<\/div>\n\t\t<div class=\"gallery_grid_item tg_two_cols last gallery-grid-tilt\">\n\t\t\t\t\t\t\t<a class=\"tg_gallery_lightbox\" href=\"https:\/\/cortedegliostinati.it\/wp-content\/uploads\/2024\/02\/MP1331-min.jpg\" data-thumb=\"https:\/\/cortedegliostinati.it\/wp-content\/uploads\/2024\/02\/MP1331-min-300x200.jpg\" data-rel=\"tg_gallery3371315\"  >\n\t\t\t\t\t\t\t<img decoding=\"async\" src=\"https:\/\/cortedegliostinati.it\/wp-content\/uploads\/2024\/02\/MP1331-min-768x513.jpg\" class=\"lazy_masonry\" alt=\"\" \/>\n\t\t\t\t\t\t\t<\/a>\n\t\t\t\t\t<\/div>\n\t\t<div class=\"gallery_grid_item tg_two_cols  gallery-grid-tilt\">\n\t\t\t\t\t\t\t<a class=\"tg_gallery_lightbox\" href=\"https:\/\/cortedegliostinati.it\/wp-content\/uploads\/2024\/02\/MP1371-min.jpg\" data-thumb=\"https:\/\/cortedegliostinati.it\/wp-content\/uploads\/2024\/02\/MP1371-min-200x300.jpg\" data-rel=\"tg_gallery3371315\"  >\n\t\t\t\t\t\t\t<img decoding=\"async\" src=\"https:\/\/cortedegliostinati.it\/wp-content\/uploads\/2024\/02\/MP1371-min-768x1151.jpg\" class=\"lazy_masonry\" alt=\"\" \/>\n\t\t\t\t\t\t\t<\/a>\n\t\t\t\t\t<\/div>\n\t\t<div class=\"gallery_grid_item tg_two_cols last gallery-grid-tilt\">\n\t\t\t\t\t\t\t<a class=\"tg_gallery_lightbox\" href=\"https:\/\/cortedegliostinati.it\/wp-content\/uploads\/2024\/02\/MP1411-min.jpg\" data-thumb=\"https:\/\/cortedegliostinati.it\/wp-content\/uploads\/2024\/02\/MP1411-min-202x300.jpg\" data-rel=\"tg_gallery3371315\"  >\n\t\t\t\t\t\t\t<img decoding=\"async\" src=\"https:\/\/cortedegliostinati.it\/wp-content\/uploads\/2024\/02\/MP1411-min-768x1138.jpg\" class=\"lazy_masonry\" alt=\"\" \/>\n\t\t\t\t\t\t\t<\/a>\n\t\t\t\t\t<\/div>\n\t\t<div class=\"gallery_grid_item tg_two_cols  gallery-grid-tilt\">\n\t\t\t\t\t\t\t<a class=\"tg_gallery_lightbox\" href=\"https:\/\/cortedegliostinati.it\/wp-content\/uploads\/2024\/02\/MP1511-min.jpg\" data-thumb=\"https:\/\/cortedegliostinati.it\/wp-content\/uploads\/2024\/02\/MP1511-min-300x200.jpg\" data-rel=\"tg_gallery3371315\"  >\n\t\t\t\t\t\t\t<img decoding=\"async\" src=\"https:\/\/cortedegliostinati.it\/wp-content\/uploads\/2024\/02\/MP1511-min-768x512.jpg\" class=\"lazy_masonry\" alt=\"\" \/>\n\t\t\t\t\t\t\t<\/a>\n\t\t\t\t\t<\/div>\n\t\t<div class=\"gallery_grid_item tg_two_cols last gallery-grid-tilt\">\n\t\t\t\t\t\t\t<a class=\"tg_gallery_lightbox\" href=\"https:\/\/cortedegliostinati.it\/wp-content\/uploads\/2024\/02\/MP1561-min.jpg\" data-thumb=\"https:\/\/cortedegliostinati.it\/wp-content\/uploads\/2024\/02\/MP1561-min-200x300.jpg\" data-rel=\"tg_gallery3371315\"  >\n\t\t\t\t\t\t\t<img decoding=\"async\" src=\"https:\/\/cortedegliostinati.it\/wp-content\/uploads\/2024\/02\/MP1561-min-768x1152.jpg\" class=\"lazy_masonry\" alt=\"\" \/>\n\t\t\t\t\t\t\t<\/a>\n\t\t\t\t\t<\/div>\n\t\t<div class=\"gallery_grid_item tg_two_cols  gallery-grid-tilt\">\n\t\t\t\t\t\t\t<a class=\"tg_gallery_lightbox\" href=\"https:\/\/cortedegliostinati.it\/wp-content\/uploads\/2024\/02\/MP1571-min.jpg\" data-thumb=\"https:\/\/cortedegliostinati.it\/wp-content\/uploads\/2024\/02\/MP1571-min-300x200.jpg\" data-rel=\"tg_gallery3371315\"  >\n\t\t\t\t\t\t\t<img decoding=\"async\" src=\"https:\/\/cortedegliostinati.it\/wp-content\/uploads\/2024\/02\/MP1571-min-768x512.jpg\" class=\"lazy_masonry\" alt=\"\" \/>\n\t\t\t\t\t\t\t<\/a>\n\t\t\t\t\t<\/div>\n\t\t<div class=\"gallery_grid_item tg_two_cols last gallery-grid-tilt\">\n\t\t\t\t\t\t\t<a class=\"tg_gallery_lightbox\" href=\"https:\/\/cortedegliostinati.it\/wp-content\/uploads\/2024\/02\/MP1741-min.jpg\" data-thumb=\"https:\/\/cortedegliostinati.it\/wp-content\/uploads\/2024\/02\/MP1741-min-300x204.jpg\" data-rel=\"tg_gallery3371315\"  >\n\t\t\t\t\t\t\t<img decoding=\"async\" src=\"https:\/\/cortedegliostinati.it\/wp-content\/uploads\/2024\/02\/MP1741-min-768x523.jpg\" class=\"lazy_masonry\" alt=\"\" \/>\n\t\t\t\t\t\t\t<\/a>\n\t\t\t\t\t<\/div>\n<br class=\"clear\"\/>\n<\/div>\n\t\t\t\t<\/div>\n\t\t\t\t<\/div>\n\t\t\t\t\t<\/div>\n\t\t\t\t<\/div>\n\t\t\t\t<\/div>\n\t\t","protected":false},"excerpt":{"rendered":"<p>Fr\u00fchst\u00fcck Das Versprechen eines neuen Tages. Ein friedliches Aufwachen mit Erinnerungen, Gef\u00fchlen, Farben und vertrauten Ger\u00fcchen.Das Brodeln der Kaffeemaschine am Feuer und der k\u00f6stliche Duft eines frischgebackenen Apfelkuchens, sobald man in die K\u00fcche kommt. Eine Schale mit hausgebackenen Keksen.Warmes Brot [&hellip;]<\/p>\n","protected":false},"author":1,"featured_media":0,"parent":0,"menu_order":0,"comment_status":"closed","ping_status":"closed","template":"elementor_header_footer","meta":{"_acf_changed":false,"inline_featured_image":false,"footnotes":""},"class_list":["post-4136","page","type-page","status-publish","hentry"],"acf":[],"yoast_head":"<!-- This site is optimized with the Yoast SEO plugin v27.2 - https:\/\/yoast.com\/product\/yoast-seo-wordpress\/ -->\n<title>Fr\u00fchst\u00fcck - Corte degli Ostinati<\/title>\n<meta name=\"robots\" content=\"index, follow, max-snippet:-1, max-image-preview:large, max-video-preview:-1\" \/>\n<link rel=\"canonical\" href=\"https:\/\/cortedegliostinati.it\/le-nostre-colazioni\/\" \/>\n<meta property=\"og:locale\" content=\"de_DE\" \/>\n<meta property=\"og:type\" content=\"article\" \/>\n<meta property=\"og:title\" content=\"Fr\u00fchst\u00fcck - Corte degli Ostinati\" \/>\n<meta property=\"og:description\" content=\"Fr\u00fchst\u00fcck Das Versprechen eines neuen Tages. Ein friedliches Aufwachen mit Erinnerungen, Gef\u00fchlen, Farben und vertrauten Ger\u00fcchen.Das Brodeln der Kaffeemaschine am Feuer und der k\u00f6stliche Duft eines frischgebackenen Apfelkuchens, sobald man in die K\u00fcche kommt. Eine Schale mit hausgebackenen Keksen.Warmes Brot [&hellip;]\" \/>\n<meta property=\"og:url\" content=\"https:\/\/cortedegliostinati.it\/le-nostre-colazioni\/\" \/>\n<meta property=\"og:site_name\" content=\"Corte degli Ostinati\" \/>\n<meta property=\"article:publisher\" content=\"https:\/\/www.facebook.com\/CortedegliOstiNati\" \/>\n<meta property=\"article:modified_time\" content=\"2024-05-30T09:56:12+00:00\" \/>\n<meta property=\"og:image\" content=\"https:\/\/cortedegliostinati.it\/wp-content\/uploads\/2024\/02\/MP1301.jpg\" \/>\n<meta name=\"twitter:card\" content=\"summary_large_image\" \/>\n<meta name=\"twitter:label1\" content=\"Gesch\u00e4tzte Lesezeit\" \/>\n\t<meta name=\"twitter:data1\" content=\"6\u00a0Minuten\" \/>\n<script type=\"application\/ld+json\" class=\"yoast-schema-graph\">{\"@context\":\"https:\/\/schema.org\",\"@graph\":[{\"@type\":\"WebPage\",\"@id\":\"https:\/\/cortedegliostinati.it\/le-nostre-colazioni\/\",\"url\":\"https:\/\/cortedegliostinati.it\/le-nostre-colazioni\/\",\"name\":\"Fr\u00fchst\u00fcck - Corte degli Ostinati\",\"isPartOf\":{\"@id\":\"https:\/\/cortedegliostinati.it\/#website\"},\"primaryImageOfPage\":{\"@id\":\"https:\/\/cortedegliostinati.it\/le-nostre-colazioni\/#primaryimage\"},\"image\":{\"@id\":\"https:\/\/cortedegliostinati.it\/le-nostre-colazioni\/#primaryimage\"},\"thumbnailUrl\":\"https:\/\/cortedegliostinati.it\/wp-content\/uploads\/2024\/02\/MP1301.jpg\",\"datePublished\":\"2024-02-08T11:04:37+00:00\",\"dateModified\":\"2024-05-30T09:56:12+00:00\",\"breadcrumb\":{\"@id\":\"https:\/\/cortedegliostinati.it\/le-nostre-colazioni\/#breadcrumb\"},\"inLanguage\":\"de\",\"potentialAction\":[{\"@type\":\"ReadAction\",\"target\":[\"https:\/\/cortedegliostinati.it\/le-nostre-colazioni\/\"]}]},{\"@type\":\"ImageObject\",\"inLanguage\":\"de\",\"@id\":\"https:\/\/cortedegliostinati.it\/le-nostre-colazioni\/#primaryimage\",\"url\":\"https:\/\/cortedegliostinati.it\/wp-content\/uploads\/2024\/02\/MP1301.jpg\",\"contentUrl\":\"https:\/\/cortedegliostinati.it\/wp-content\/uploads\/2024\/02\/MP1301.jpg\"},{\"@type\":\"BreadcrumbList\",\"@id\":\"https:\/\/cortedegliostinati.it\/le-nostre-colazioni\/#breadcrumb\",\"itemListElement\":[{\"@type\":\"ListItem\",\"position\":1,\"name\":\"Home\",\"item\":\"https:\/\/cortedegliostinati.it\/\"},{\"@type\":\"ListItem\",\"position\":2,\"name\":\"Fr\u00fchst\u00fcck\"}]},{\"@type\":\"WebSite\",\"@id\":\"https:\/\/cortedegliostinati.it\/#website\",\"url\":\"https:\/\/cortedegliostinati.it\/\",\"name\":\"Corte degli Ostinati\",\"description\":\"\",\"potentialAction\":[{\"@type\":\"SearchAction\",\"target\":{\"@type\":\"EntryPoint\",\"urlTemplate\":\"https:\/\/cortedegliostinati.it\/?s={search_term_string}\"},\"query-input\":{\"@type\":\"PropertyValueSpecification\",\"valueRequired\":true,\"valueName\":\"search_term_string\"}}],\"inLanguage\":\"de\"}]}<\/script>\n<!-- \/ Yoast SEO plugin. -->","yoast_head_json":{"title":"Fr\u00fchst\u00fcck - Corte degli Ostinati","robots":{"index":"index","follow":"follow","max-snippet":"max-snippet:-1","max-image-preview":"max-image-preview:large","max-video-preview":"max-video-preview:-1"},"canonical":"https:\/\/cortedegliostinati.it\/le-nostre-colazioni\/","og_locale":"de_DE","og_type":"article","og_title":"Fr\u00fchst\u00fcck - Corte degli Ostinati","og_description":"Fr\u00fchst\u00fcck Das Versprechen eines neuen Tages. Ein friedliches Aufwachen mit Erinnerungen, Gef\u00fchlen, Farben und vertrauten Ger\u00fcchen.Das Brodeln der Kaffeemaschine am Feuer und der k\u00f6stliche Duft eines frischgebackenen Apfelkuchens, sobald man in die K\u00fcche kommt. Eine Schale mit hausgebackenen Keksen.Warmes Brot [&hellip;]","og_url":"https:\/\/cortedegliostinati.it\/le-nostre-colazioni\/","og_site_name":"Corte degli Ostinati","article_publisher":"https:\/\/www.facebook.com\/CortedegliOstiNati","article_modified_time":"2024-05-30T09:56:12+00:00","og_image":[{"url":"https:\/\/cortedegliostinati.it\/wp-content\/uploads\/2024\/02\/MP1301.jpg","type":"","width":"","height":""}],"twitter_card":"summary_large_image","twitter_misc":{"Gesch\u00e4tzte Lesezeit":"6\u00a0Minuten"},"schema":{"@context":"https:\/\/schema.org","@graph":[{"@type":"WebPage","@id":"https:\/\/cortedegliostinati.it\/le-nostre-colazioni\/","url":"https:\/\/cortedegliostinati.it\/le-nostre-colazioni\/","name":"Fr\u00fchst\u00fcck - Corte degli Ostinati","isPartOf":{"@id":"https:\/\/cortedegliostinati.it\/#website"},"primaryImageOfPage":{"@id":"https:\/\/cortedegliostinati.it\/le-nostre-colazioni\/#primaryimage"},"image":{"@id":"https:\/\/cortedegliostinati.it\/le-nostre-colazioni\/#primaryimage"},"thumbnailUrl":"https:\/\/cortedegliostinati.it\/wp-content\/uploads\/2024\/02\/MP1301.jpg","datePublished":"2024-02-08T11:04:37+00:00","dateModified":"2024-05-30T09:56:12+00:00","breadcrumb":{"@id":"https:\/\/cortedegliostinati.it\/le-nostre-colazioni\/#breadcrumb"},"inLanguage":"de","potentialAction":[{"@type":"ReadAction","target":["https:\/\/cortedegliostinati.it\/le-nostre-colazioni\/"]}]},{"@type":"ImageObject","inLanguage":"de","@id":"https:\/\/cortedegliostinati.it\/le-nostre-colazioni\/#primaryimage","url":"https:\/\/cortedegliostinati.it\/wp-content\/uploads\/2024\/02\/MP1301.jpg","contentUrl":"https:\/\/cortedegliostinati.it\/wp-content\/uploads\/2024\/02\/MP1301.jpg"},{"@type":"BreadcrumbList","@id":"https:\/\/cortedegliostinati.it\/le-nostre-colazioni\/#breadcrumb","itemListElement":[{"@type":"ListItem","position":1,"name":"Home","item":"https:\/\/cortedegliostinati.it\/"},{"@type":"ListItem","position":2,"name":"Fr\u00fchst\u00fcck"}]},{"@type":"WebSite","@id":"https:\/\/cortedegliostinati.it\/#website","url":"https:\/\/cortedegliostinati.it\/","name":"Corte degli Ostinati","description":"","potentialAction":[{"@type":"SearchAction","target":{"@type":"EntryPoint","urlTemplate":"https:\/\/cortedegliostinati.it\/?s={search_term_string}"},"query-input":{"@type":"PropertyValueSpecification","valueRequired":true,"valueName":"search_term_string"}}],"inLanguage":"de"}]}},"_links":{"self":[{"href":"https:\/\/cortedegliostinati.it\/de\/wp-json\/wp\/v2\/pages\/4136","targetHints":{"allow":["GET"]}}],"collection":[{"href":"https:\/\/cortedegliostinati.it\/de\/wp-json\/wp\/v2\/pages"}],"about":[{"href":"https:\/\/cortedegliostinati.it\/de\/wp-json\/wp\/v2\/types\/page"}],"author":[{"embeddable":true,"href":"https:\/\/cortedegliostinati.it\/de\/wp-json\/wp\/v2\/users\/1"}],"replies":[{"embeddable":true,"href":"https:\/\/cortedegliostinati.it\/de\/wp-json\/wp\/v2\/comments?post=4136"}],"version-history":[{"count":7,"href":"https:\/\/cortedegliostinati.it\/de\/wp-json\/wp\/v2\/pages\/4136\/revisions"}],"predecessor-version":[{"id":4640,"href":"https:\/\/cortedegliostinati.it\/de\/wp-json\/wp\/v2\/pages\/4136\/revisions\/4640"}],"wp:attachment":[{"href":"https:\/\/cortedegliostinati.it\/de\/wp-json\/wp\/v2\/media?parent=4136"}],"curies":[{"name":"wp","href":"https:\/\/api.w.org\/{rel}","templated":true}]}}